{"id":1641,"date":"2022-06-07T06:13:59","date_gmt":"2022-06-07T06:13:59","guid":{"rendered":"https:\/\/mb-genosten.de\/?page_id=1641"},"modified":"2023-05-25T14:08:24","modified_gmt":"2023-05-25T14:08:24","slug":"bilder-singapore","status":"publish","type":"page","link":"https:\/\/mb-genosten.de\/?page_id=1641","title":{"rendered":"Radreise Singapore 2022"},"content":{"rendered":"\t\t<div data-elementor-type=\"wp-page\" data-elementor-id=\"1641\" class=\"elementor elementor-1641\">\n\t\t\t\t\t\t<section class=\"elementor-section elementor-top-section elementor-element elementor-element-03b303f elementor-section-boxed elementor-section-height-default elementor-section-height-default\" data-id=\"03b303f\" data-element_type=\"section\" data-e-type=\"section\">\n\t\t\t\t\t\t<div class=\"elementor-container elementor-column-gap-default\">\n\t\t\t\t\t<div class=\"elementor-column elementor-col-100 elementor-top-column elementor-element elementor-element-0efd371\" data-id=\"0efd371\" data-element_type=\"column\" data-e-type=\"column\">\n\t\t\t<div class=\"elementor-widget-wrap elementor-element-populated\">\n\t\t\t\t\t\t<div class=\"elementor-element elementor-element-b2e177f elementor-widget elementor-widget-heading\" data-id=\"b2e177f\" data-element_type=\"widget\" data-e-type=\"widget\" data-widget_type=\"heading.default\">\n\t\t\t\t<div class=\"elementor-widget-container\">\n\t\t\t\t\t<h2 class=\"elementor-heading-title elementor-size-default\">Auf dieser Seite findest du unsere Bilder zu den L\u00e4ndern die wir auf unserer Radreise nach Singapore bereits durchquert haben:<br>Die Bilder sind Passwortgesch\u00fctzt. <br>Das Passwort k\u00f6nnt ihr bei bedarf gerne bei uns erfragen.<\/h2>\t\t\t\t<\/div>\n\t\t\t\t<\/div>\n\t\t\t\t\t<\/div>\n\t\t<\/div>\n\t\t\t\t\t<\/div>\n\t\t<\/section>\n\t\t\t\t<section class=\"elementor-section elementor-top-section elementor-element elementor-element-2b46687 elementor-section-boxed elementor-section-height-default elementor-section-height-default\" data-id=\"2b46687\" data-element_type=\"section\" data-e-type=\"section\">\n\t\t\t\t\t\t<div class=\"elementor-container elementor-column-gap-default\">\n\t\t\t\t\t<div class=\"elementor-column elementor-col-100 elementor-top-column elementor-element elementor-element-6e075dc\" data-id=\"6e075dc\" data-element_type=\"column\" data-e-type=\"column\">\n\t\t\t<div class=\"elementor-widget-wrap elementor-element-populated\">\n\t\t\t\t\t\t<div class=\"elementor-element elementor-element-83d1444 elementor-widget elementor-widget-text-editor\" data-id=\"83d1444\" data-element_type=\"widget\" data-e-type=\"widget\" data-widget_type=\"text-editor.default\">\n\t\t\t\t<div class=\"elementor-widget-container\">\n\t\t\t\t\t\t\t\t\t<ul><li><a href=\"https:\/\/mb-genosten.de\/?page_id=3903\">Deutschland 2022<\/a><\/li><li><a href=\"https:\/\/mb-genosten.de\/?page_id=3916\">\u00d6sterreich 2022<\/a><\/li><li><a href=\"https:\/\/mb-genosten.de\/?page_id=3922\">Slowakei 2022<\/a><\/li><li><a href=\"https:\/\/mb-genosten.de\/?page_id=3976\">Ungarn 2022<\/a><\/li><li><a href=\"https:\/\/mb-genosten.de\/?page_id=3961\">Serbien 2022<\/a><\/li><li><a href=\"https:\/\/mb-genosten.de\/?page_id=3953\">Rum\u00e4nien 2022<\/a><\/li><li><a href=\"https:\/\/mb-genosten.de\/?page_id=3932\">Bulgarien 2022<\/a><\/li><li><a href=\"https:\/\/mb-genosten.de\/?page_id=3966\">T\u00fcrkei 2022<\/a><\/li><li><a href=\"https:\/\/mb-genosten.de\/?page_id=3937\">Georgien 2022<\/a><\/li><li><a href=\"https:\/\/mb-genosten.de\/?page_id=3927\">Armenien 2022<\/a><\/li><li><a href=\"https:\/\/mb-genosten.de\/?page_id=3945\">Iran 2022<\/a><\/li><li><a href=\"https:\/\/mb-genosten.de\/?page_id=3971\">Vereinigte Arabische Emirate 2022<\/a><\/li><li><a href=\"https:\/\/mb-genosten.de\/?page_id=3985\">Indien 2022<\/a><\/li><li><a href=\"https:\/\/mb-genosten.de\/?page_id=4529\">Nepal 2022\/ 2023<\/a><\/li><li><a href=\"https:\/\/mb-genosten.de\/?page_id=5216\">Indien 2023<\/a><\/li><li><a href=\"https:\/\/mb-genosten.de\/?page_id=5317\">Malaysia 2023<\/a><\/li><li><a href=\"https:\/\/mb-genosten.de\/?page_id=5508\">Singapore 2023<\/a><\/li><li><a href=\"https:\/\/mb-genosten.de\/?page_id=5783\">Thailand 2023<\/a><\/li><li><a href=\"https:\/\/mb-genosten.de\/?page_id=6388\">Niederlande 2023<\/a><\/li><li><a href=\"https:\/\/mb-genosten.de\/?page_id=6452\">Belgien 2023<\/a><\/li><li><a href=\"https:\/\/mb-genosten.de\/?page_id=6457\">Frankreich 2023<\/a><\/li><li><a href=\"https:\/\/mb-genosten.de\/?page_id=6959\">Deutschland 2023<\/a><\/li><\/ul>\t\t\t\t\t\t\t\t<\/div>\n\t\t\t\t<\/div>\n\t\t\t\t\t<\/div>\n\t\t<\/div>\n\t\t\t\t\t<\/div>\n\t\t<\/section>\n\t\t\t\t<\/div>\n\t\t","protected":false},"excerpt":{"rendered":"<p>Auf dieser Seite findest du unsere Bilder zu den L\u00e4ndern die wir auf unserer Radreise nach Singapore bereits durchquert haben:Die Bilder sind Passwortgesch\u00fctzt. Das Passwort k\u00f6nnt ihr bei bedarf gerne bei uns erfragen. Deutschland 2022 \u00d6sterreich 2022 Slowakei 2022 Ungarn 2022 Serbien 2022 Rum\u00e4nien 2022 Bulgarien 2022 T\u00fcrkei 2022 Georgien 2022 Armenien 2022 Iran 2022 [&hellip;]<\/p>\n","protected":false},"author":1,"featured_media":0,"parent":0,"menu_order":0,"comment_status":"open","ping_status":"closed","template":"","meta":{"ocean_post_layout":"","ocean_both_sidebars_style":"","ocean_both_sidebars_content_width":0,"ocean_both_sidebars_sidebars_width":0,"ocean_sidebar":"0","ocean_second_sidebar":"0","ocean_disable_margins":"enable","ocean_add_body_class":"","ocean_shortcode_before_top_bar":"","ocean_shortcode_after_top_bar":"","ocean_shortcode_before_header":"","ocean_shortcode_after_header":"","ocean_has_shortcode":"","ocean_shortcode_after_title":"","ocean_shortcode_before_footer_widgets":"","ocean_shortcode_after_footer_widgets":"","ocean_shortcode_before_footer_bottom":"","ocean_shortcode_after_footer_bottom":"","ocean_display_top_bar":"default","ocean_display_header":"default","ocean_header_style":"","ocean_center_header_left_menu":"0","ocean_custom_header_template":"0","ocean_custom_logo":0,"ocean_custom_retina_logo":0,"ocean_custom_logo_max_width":0,"ocean_custom_logo_tablet_max_width":0,"ocean_custom_logo_mobile_max_width":0,"ocean_custom_logo_max_height":0,"ocean_custom_logo_tablet_max_height":0,"ocean_custom_logo_mobile_max_height":0,"ocean_header_custom_menu":"0","ocean_menu_typo_font_family":"0","ocean_menu_typo_font_subset":"","ocean_menu_typo_font_size":0,"ocean_menu_typo_font_size_tablet":0,"ocean_menu_typo_font_size_mobile":0,"ocean_menu_typo_font_size_unit":"px","ocean_menu_typo_font_weight":"","ocean_menu_typo_font_weight_tablet":"","ocean_menu_typo_font_weight_mobile":"","ocean_menu_typo_transform":"","ocean_menu_typo_transform_tablet":"","ocean_menu_typo_transform_mobile":"","ocean_menu_typo_line_height":0,"ocean_menu_typo_line_height_tablet":0,"ocean_menu_typo_line_height_mobile":0,"ocean_menu_typo_line_height_unit":"","ocean_menu_typo_spacing":0,"ocean_menu_typo_spacing_tablet":0,"ocean_menu_typo_spacing_mobile":0,"ocean_menu_typo_spacing_unit":"","ocean_menu_link_color":"","ocean_menu_link_color_hover":"","ocean_menu_link_color_active":"","ocean_menu_link_background":"","ocean_menu_link_hover_background":"","ocean_menu_link_active_background":"","ocean_menu_social_links_bg":"","ocean_menu_social_hover_links_bg":"","ocean_menu_social_links_color":"","ocean_menu_social_hover_links_color":"","ocean_disable_title":"default","ocean_disable_heading":"default","ocean_post_title":"","ocean_post_subheading":"","ocean_post_title_style":"","ocean_post_title_background_color":"","ocean_post_title_background":0,"ocean_post_title_bg_image_position":"","ocean_post_title_bg_image_attachment":"","ocean_post_title_bg_image_repeat":"","ocean_post_title_bg_image_size":"","ocean_post_title_height":0,"ocean_post_title_bg_overlay":0.5,"ocean_post_title_bg_overlay_color":"","ocean_disable_breadcrumbs":"default","ocean_breadcrumbs_color":"","ocean_breadcrumbs_separator_color":"","ocean_breadcrumbs_links_color":"","ocean_breadcrumbs_links_hover_color":"","ocean_display_footer_widgets":"default","ocean_display_footer_bottom":"default","ocean_custom_footer_template":"0","footnotes":""},"class_list":["post-1641","page","type-page","status-publish","hentry","entry"],"_links":{"self":[{"href":"https:\/\/mb-genosten.de\/index.php?rest_route=\/wp\/v2\/pages\/1641","targetHints":{"allow":["GET"]}}],"collection":[{"href":"https:\/\/mb-genosten.de\/index.php?rest_route=\/wp\/v2\/pages"}],"about":[{"href":"https:\/\/mb-genosten.de\/index.php?rest_route=\/wp\/v2\/types\/page"}],"author":[{"embeddable":true,"href":"https:\/\/mb-genosten.de\/index.php?rest_route=\/wp\/v2\/users\/1"}],"replies":[{"embeddable":true,"href":"https:\/\/mb-genosten.de\/index.php?rest_route=%2Fwp%2Fv2%2Fcomments&post=1641"}],"version-history":[{"count":128,"href":"https:\/\/mb-genosten.de\/index.php?rest_route=\/wp\/v2\/pages\/1641\/revisions"}],"predecessor-version":[{"id":6973,"href":"https:\/\/mb-genosten.de\/index.php?rest_route=\/wp\/v2\/pages\/1641\/revisions\/6973"}],"wp:attachment":[{"href":"https:\/\/mb-genosten.de\/index.php?rest_route=%2Fwp%2Fv2%2Fmedia&parent=1641"}],"curies":[{"name":"wp","href":"https:\/\/api.w.org\/{rel}","templated":true}]}}